{"id":216,"date":"2022-02-05T16:20:03","date_gmt":"2022-02-05T16:20:03","guid":{"rendered":"https:\/\/www.dogportrait.at\/?page_id=216"},"modified":"2022-02-12T20:30:36","modified_gmt":"2022-02-12T20:30:36","slug":"agb","status":"publish","type":"page","link":"https:\/\/www.dogportrait.at\/en\/agb\/","title":{"rendered":"AGB"},"content":{"rendered":"\n<p class=\"has-small-font-size\">Diese AGB (Allgemeine Gesch\u00e4ftsbedingungen) gelten f\u00fcr alle zwischen Marianne Musek und Auftraggeber abgeschlossenen Vertr\u00e4ge. Die Gesch\u00e4ftsbedingungen bei der Auftragsvergabe an den K\u00fcnstler gelten als vereinbart, wenn der Auftraggeber ihnen nicht unverz\u00fcglich widerspricht.<\/p>\n\n\n\n<h5 class=\"wp-block-heading\" id=\"1-allgemeines\"><strong>1. Allgemeines<\/strong><\/h5>\n\n\n\n<p class=\"has-small-font-size\">machen. Sollten diesbez\u00fcglich Sch\u00e4den entstehen, hat diese der Kunde zu tragen.<br>1.2. Die Ware des Kunden gilt durch unmittelbare Lieferung, d.h. \u00dcbergabe der Ware an Spediteur\/Post\/Vermittlershop als angenommen. R\u00fcgen und Beanstandungen gleich welcher Art sind innerhalb von einer Wochen nach Lieferung schriftlich bei dem K\u00fcnstler geltend zu machen. Danach gilt das Werk als vertragsgem\u00e4\u00df und m\u00e4ngelfrei abgenommen.<br>1.3. Die Bestelldaten werden dem Kunden in einer E-Mail Best\u00e4tigung \u00fcberbracht.<\/p>\n\n\n\n<h5 class=\"wp-block-heading\" id=\"2-kaufvertrag-versandkosten\"><strong>2. Kaufvertrag\/Versandkosten<\/strong><\/h5>\n\n\n\n<p class=\"has-small-font-size\">2.1. Kaufantr\u00e4ge und Auftragsarbeiten des Kunden werden nur nach schriftlichem Angebot des K\u00fcnstlers angenommen.<br>2.2. Die Versandkosten richten sich nach dem jeweiligen Auftrag und werden Ihnen per Email mitgeteilt.<br>2.3. Bei Auftragsarbeiten ist der K\u00e4ufer nicht an die Bestellung des fertigen Kunstwerkes gebunden. Allerdings verpflichtet sich der Auftraggeber bei Nichtabnahme des Werkes (Voransicht) 40% des vereinbarten Preises als Anteil vom Arbeitsaufwand und den Materialkosten zu zahlen. Sollte der Auftraggeber bei erhaltener Voransicht \u00c4nderungsw\u00fcnsche mitteilen, werden diese kostenlos gew\u00e4hrt.<br>2.4. Komplette nachfolgende \u00c4nderungsw\u00fcnsche des Bildes\/Werkes werden als Neuauftrag honoriert, wenn diese nicht vorher ausdr\u00fccklich mit dem K\u00fcnstler abgesprochen wurden.<br>2.5. Sondervereinbarungen m\u00fcssen schriftlich niedergelegt werden und haben nur bei schriftlicher Best\u00e4tigung durch Marianne Musek G\u00fcltigkeit.<br>2.6. Die Kosten der R\u00fccksendung gehen zu Lasten des Kunden. Unfreie Sendungen k\u00f6nnen nicht angenommen werden. Sollten diesbez\u00fcglich Sch\u00e4den entstehen, hat diese der Kunde zu tragen.<\/p>\n\n\n\n<h5 class=\"wp-block-heading\" id=\"3-gewahrleistung-lieferung\"><strong>3. Gew\u00e4hrleistung\/Lieferung<\/strong><\/h5>\n\n\n\n<p class=\"has-small-font-size\">Abweichungen k\u00f6nnen sein Farbton und Wiedererkennungswert gegen\u00fcber Fotos. Derartige Abweichungen berechtigen nicht zur M\u00e4ngelr\u00fcge. Weiterhin ist der K\u00e4ufer \u00fcber die Herstellung und Maltechnik Informiert und stimmt diesen zu.<br>3.2. Die Lieferzeiten richten sich nach Fertigstellung der Werke. \u00c4nderungsw\u00fcnsche sind unverz\u00fcglich dem K\u00fcnstler mitzuteilen. Nachtr\u00e4gliche oder Zus\u00e4tzliche \u00c4nderungsarbeiten der Werke beinhalten nicht die angegebenen Lieferzeiten und berechtigen nicht zur M\u00e4ngelr\u00fcge. In der Regel wird mit Post Versand verschickt, die Lieferung ist dann in der Regel in 3 bis 5 Tagen bei Ihnen. F\u00fcr Wien k\u00f6nnen alternativ pers\u00f6nliche \u00dcbergaben organisiert werden. Die K\u00fcnstlerin ist nicht f\u00fcr die Lieferzeit des Versandpartners verantwortlich.<br>3.3. Gestaltungsfreiheit und Vorlagen. Der Auftraggeber versichert zur Verwendung aller dem K\u00fcnstler \u00fcbergebenen Vorlagen berechtigt zu sein und dass diese Vorlagen frei von Rechten Dritter sind, z. B. das Copyright. Sollte der K\u00e4ufer entgegen dieser Versicherung nicht zur Verwendung berechtigt oder sollten die Vorlagen nicht frei von Rechten Dritter sein, stellt der Auftraggeber den K\u00fcnstler von allen Ersatzanspr\u00fcchen Dritter frei.<br>3.4. Garantie-Gew\u00e4hrleistungsausschluss. Bei den Arbeiten von Marianne Musek handelt es sich um k\u00fcnstlerisch entstandene Einzelst\u00fccke wodurch die Erf\u00fcllung einer Garantie und Gew\u00e4hrleistung ausgeschlossen ist. Der K\u00fcnstler versichert, dass die angebotenen Kunstwerke, soweit nicht anders beschrieben, sachm\u00e4ngelfrei versendet werden. Im Falle vors\u00e4tzlicher und grober Verletzung des sachm\u00e4ngelfreien Verkaufs wird Marianne Musek auf Wunsch die Kosten dem K\u00e4ufer zur\u00fcck erstatten.<\/p>\n\n\n\n<h5 class=\"wp-block-heading\" id=\"4-urheberrecht\"><strong>4. Urheberrecht<\/strong><\/h5>\n\n\n\n<p class=\"has-small-font-size\">4.1. Die vom K\u00fcnstler entworfenen Werke sind weltweit urheberrechtlich gesch\u00fctzt. Der Kunde ist nicht berechtigt, die Ware selbst oder durch Dritte zu vervielf\u00e4ltigen oder zu vertreiben, au\u00dfer es wird ausdr\u00fccklich vom K\u00fcnstler durch einen schriftlichen Vertrag genehmigt.<br>4.2. Der K\u00fcnstler hat das Recht, Kopien der Werke (Hard- und Softcopies) f\u00fcr eigene Zwecke zu nutzen. Sollte der Auftraggeber dies nicht w\u00fcnschen, muss der Auftraggeber bei Auftragserteilung dies dem K\u00fcnstler mitteilen.<br>4.3. Mit Erhalt der Werke erwirbt der K\u00e4ufer das Eigentum am Werk. Das Urheberrecht und die Nutzungsrechte an den Werken werden dem K\u00e4ufer dagegen nicht einger\u00e4umt. Der K\u00e4ufer ist auch nicht berechtigt, die Werke ohne Zustimmung von Marianne Musek \u00f6ffentlich auszustellen(egal in welchem Medium)<br>4.4. Das Recht auf Ver\u00f6ffentlichung der Werke kann dem K\u00e4ufer durch Zustimmung der K\u00fcnstlerin einger\u00e4umt werden. Ist die Nutzung nicht gewerblicher Natur bleibt die Ver\u00f6ffentlichung kostenlos. Der K\u00e4ufer verpflichtet sich den Namen Marianne Musek sichtbar anzubringen.<\/p>\n\n\n\n<h5 class=\"wp-block-heading\" id=\"5-eigentumsvorbehalt\"><strong>5. Eigentumsvorbehalt<\/strong><\/h5>\n\n\n\n<p class=\"has-small-font-size\">5.1. Gelieferte Werke bleiben bis zu ihrer vollst\u00e4ndigen Bezahlung im Eigentum des K\u00fcnstlers.<br>5.2. Die Bezahlung erfolgt ausschlie\u00dflich per Barzahlung bei Selbstabholung oder Vorauskasse via \u00dcberweisung.<\/p>\n\n\n\n<h5 class=\"wp-block-heading\" id=\"6-datenschutz\"><strong>6. Datenschutz<\/strong><\/h5>\n\n\n\n<p class=\"has-small-font-size\">6.1. Der Kunde ist \u00fcber Art, Umfang, Ort und Zweck der Erhebung, Verarbeitung und Nutzung der f\u00fcr die Ausf\u00fchrung von Bestellungen erforderlichen personen-bezogenen Daten durch den K\u00fcnstler ausf\u00fchrlich unterrichtet worden. Der Kunde stimmt dieser Erhebung, Verarbeitung und Nutzung personenbezogener Daten ausdr\u00fccklich zu.<br>6.2. Sollte eine der Klauseln dieser Gesch\u00e4ftsbedingungen unwirksam sein oder werden, so wird die Wirksamkeit der \u00fcbrigen Klauseln dadurch nicht ber\u00fchrt.<\/p>\n\n\n\n<h5 class=\"wp-block-heading\" id=\"7-schlussbestimmungen\"><strong>7. Schlussbestimmungen<\/strong><\/h5>\n\n\n\n<p class=\"has-small-font-size\">7.1. F\u00fcr den Fall, dass der Auftraggeber keinen allgemeinen Gerichtsstand in der Bundesrepublik \u00d6sterreich hat oder seinen Sitz nach Vertragsabschluss ins Ausland verlegt, gilt das \u00f6sterreichische Recht, da sich der Firmensitz von Marianne Musek in \u00d6sterreich befindet.<br>7.2. Ist eine der vorstehenden Gesch\u00e4ftsbedingungen unwirksam, so ber\u00fchrt dies die Wirksamkeit der \u00fcbrigen Gesch\u00e4ftsbedingungen nicht.<\/p>\n","protected":false},"excerpt":{"rendered":"<p>Diese AGB (Allgemeine Gesch\u00e4ftsbedingungen) gelten f\u00fcr alle zwischen Marianne Musek und Auftraggeber abgeschlossenen Vertr\u00e4ge. Die Gesch\u00e4ftsbedingungen bei der Auftragsvergabe an den K\u00fcnstler gelten als vereinbart, wenn der Auftraggeber ihnen nicht unverz\u00fcglich widerspricht. 1. Allgemeines machen. Sollten diesbez\u00fcglich Sch\u00e4den entstehen, hat diese der Kunde zu tragen.1.2. Die Ware des Kunden gilt durch unmittelbare Lieferung, d.h. \u00dcbergabe [&hellip;]<\/p>\n","protected":false},"author":2,"featured_media":0,"parent":0,"menu_order":0,"comment_status":"closed","ping_status":"closed","template":"","meta":{"footnotes":""},"class_list":["post-216","page","type-page","status-publish","hentry"],"translation":{"provider":"WPGlobus","version":"3.0.2","language":"en","enabled_languages":["de","en"],"languages":{"de":{"title":true,"content":true,"excerpt":false},"en":{"title":false,"content":false,"excerpt":false}}},"yoast_head":"<!-- This site is optimized with the Yoast SEO plugin v27.4 - https:\/\/yoast.com\/product\/yoast-seo-wordpress\/ -->\n<title>AGB - DOGPORTRAIT.AT<\/title>\n<meta name=\"robots\" content=\"index, follow, max-snippet:-1, max-image-preview:large, max-video-preview:-1\" \/>\n<link rel=\"canonical\" href=\"https:\/\/www.dogportrait.at\/agb\/\" \/>\n<meta property=\"og:locale\" content=\"en_US\" \/>\n<meta property=\"og:type\" content=\"article\" \/>\n<meta property=\"og:title\" content=\"AGB - DOGPORTRAIT.AT\" \/>\n<meta property=\"og:url\" content=\"https:\/\/www.dogportrait.at\/agb\/\" \/>\n<meta property=\"og:site_name\" content=\"DOGPORTRAIT.AT\" \/>\n<meta property=\"article:modified_time\" content=\"2022-02-12T20:30:36+00:00\" \/>\n<meta property=\"og:image\" content=\"https:\/\/www.dogportrait.at\/wp-content\/uploads\/2022\/02\/Bildschirmfoto-2022-02-05-um-14.18.25-1024x624.png\" \/>\n\t<meta property=\"og:image:width\" content=\"1024\" \/>\n\t<meta property=\"og:image:height\" content=\"624\" \/>\n\t<meta property=\"og:image:type\" content=\"image\/png\" \/>\n<meta name=\"twitter:card\" content=\"summary_large_image\" \/>\n<meta name=\"twitter:label1\" content=\"Est. reading time\" \/>\n\t<meta name=\"twitter:data1\" content=\"5 minutes\" \/>\n<script type=\"application\/ld+json\" class=\"yoast-schema-graph\">{\"@context\":\"https:\\\/\\\/schema.org\",\"@graph\":[{\"@type\":\"WebPage\",\"@id\":\"https:\\\/\\\/www.dogportrait.at\\\/agb\\\/\",\"url\":\"https:\\\/\\\/www.dogportrait.at\\\/agb\\\/\",\"name\":\"AGB - DOGPORTRAIT.AT\",\"isPartOf\":{\"@id\":\"https:\\\/\\\/www.dogportrait.at\\\/#website\"},\"datePublished\":\"2022-02-05T16:20:03+00:00\",\"dateModified\":\"2022-02-12T20:30:36+00:00\",\"breadcrumb\":{\"@id\":\"https:\\\/\\\/www.dogportrait.at\\\/agb\\\/#breadcrumb\"},\"inLanguage\":\"en-US\",\"potentialAction\":[{\"@type\":\"ReadAction\",\"target\":[\"https:\\\/\\\/www.dogportrait.at\\\/agb\\\/\"]}]},{\"@type\":\"BreadcrumbList\",\"@id\":\"https:\\\/\\\/www.dogportrait.at\\\/agb\\\/#breadcrumb\",\"itemListElement\":[{\"@type\":\"ListItem\",\"position\":1,\"name\":\"Startseite\",\"item\":\"https:\\\/\\\/www.dogportrait.at\\\/\"},{\"@type\":\"ListItem\",\"position\":2,\"name\":\"AGB\"}]},{\"@type\":\"WebSite\",\"@id\":\"https:\\\/\\\/www.dogportrait.at\\\/#website\",\"url\":\"https:\\\/\\\/www.dogportrait.at\\\/\",\"name\":\"DOGPORTRAIT.AT\",\"description\":\"by Marianne Musek\",\"publisher\":{\"@id\":\"https:\\\/\\\/www.dogportrait.at\\\/#organization\"},\"potentialAction\":[{\"@type\":\"SearchAction\",\"target\":{\"@type\":\"EntryPoint\",\"urlTemplate\":\"https:\\\/\\\/www.dogportrait.at\\\/?s={search_term_string}\"},\"query-input\":{\"@type\":\"PropertyValueSpecification\",\"valueRequired\":true,\"valueName\":\"search_term_string\"}}],\"inLanguage\":\"en-US\"},{\"@type\":\"Organization\",\"@id\":\"https:\\\/\\\/www.dogportrait.at\\\/#organization\",\"name\":\"DOGPORTRAIT.AT\",\"url\":\"https:\\\/\\\/www.dogportrait.at\\\/\",\"logo\":{\"@type\":\"ImageObject\",\"inLanguage\":\"en-US\",\"@id\":\"https:\\\/\\\/www.dogportrait.at\\\/#\\\/schema\\\/logo\\\/image\\\/\",\"url\":\"\",\"contentUrl\":\"\",\"caption\":\"DOGPORTRAIT.AT\"},\"image\":{\"@id\":\"https:\\\/\\\/www.dogportrait.at\\\/#\\\/schema\\\/logo\\\/image\\\/\"},\"sameAs\":[\"https:\\\/\\\/www.instagram.com\\\/dogportrait.at\\\/\"]}]}<\/script>\n<!-- \/ Yoast SEO plugin. -->","yoast_head_json":{"title":"AGB - DOGPORTRAIT.AT","robots":{"index":"index","follow":"follow","max-snippet":"max-snippet:-1","max-image-preview":"max-image-preview:large","max-video-preview":"max-video-preview:-1"},"canonical":"https:\/\/www.dogportrait.at\/agb\/","og_locale":"en_US","og_type":"article","og_title":"AGB - DOGPORTRAIT.AT","og_url":"https:\/\/www.dogportrait.at\/agb\/","og_site_name":"DOGPORTRAIT.AT","article_modified_time":"2022-02-12T20:30:36+00:00","og_image":[{"width":1024,"height":624,"url":"https:\/\/www.dogportrait.at\/wp-content\/uploads\/2022\/02\/Bildschirmfoto-2022-02-05-um-14.18.25-1024x624.png","type":"image\/png"}],"twitter_card":"summary_large_image","twitter_misc":{"Est. reading time":"5 minutes"},"schema":{"@context":"https:\/\/schema.org","@graph":[{"@type":"WebPage","@id":"https:\/\/www.dogportrait.at\/agb\/","url":"https:\/\/www.dogportrait.at\/agb\/","name":"AGB - DOGPORTRAIT.AT","isPartOf":{"@id":"https:\/\/www.dogportrait.at\/#website"},"datePublished":"2022-02-05T16:20:03+00:00","dateModified":"2022-02-12T20:30:36+00:00","breadcrumb":{"@id":"https:\/\/www.dogportrait.at\/agb\/#breadcrumb"},"inLanguage":"en-US","potentialAction":[{"@type":"ReadAction","target":["https:\/\/www.dogportrait.at\/agb\/"]}]},{"@type":"BreadcrumbList","@id":"https:\/\/www.dogportrait.at\/agb\/#breadcrumb","itemListElement":[{"@type":"ListItem","position":1,"name":"Startseite","item":"https:\/\/www.dogportrait.at\/"},{"@type":"ListItem","position":2,"name":"AGB"}]},{"@type":"WebSite","@id":"https:\/\/www.dogportrait.at\/#website","url":"https:\/\/www.dogportrait.at\/","name":"DOGPORTRAIT.AT","description":"by Marianne Musek","publisher":{"@id":"https:\/\/www.dogportrait.at\/#organization"},"potentialAction":[{"@type":"SearchAction","target":{"@type":"EntryPoint","urlTemplate":"https:\/\/www.dogportrait.at\/?s={search_term_string}"},"query-input":{"@type":"PropertyValueSpecification","valueRequired":true,"valueName":"search_term_string"}}],"inLanguage":"en-US"},{"@type":"Organization","@id":"https:\/\/www.dogportrait.at\/#organization","name":"DOGPORTRAIT.AT","url":"https:\/\/www.dogportrait.at\/","logo":{"@type":"ImageObject","inLanguage":"en-US","@id":"https:\/\/www.dogportrait.at\/#\/schema\/logo\/image\/","url":"","contentUrl":"","caption":"DOGPORTRAIT.AT"},"image":{"@id":"https:\/\/www.dogportrait.at\/#\/schema\/logo\/image\/"},"sameAs":["https:\/\/www.instagram.com\/dogportrait.at\/"]}]}},"_links":{"self":[{"href":"https:\/\/www.dogportrait.at\/en\/wp-json\/wp\/v2\/pages\/216","targetHints":{"allow":["GET"]}}],"collection":[{"href":"https:\/\/www.dogportrait.at\/en\/wp-json\/wp\/v2\/pages"}],"about":[{"href":"https:\/\/www.dogportrait.at\/en\/wp-json\/wp\/v2\/types\/page"}],"author":[{"embeddable":true,"href":"https:\/\/www.dogportrait.at\/en\/wp-json\/wp\/v2\/users\/2"}],"replies":[{"embeddable":true,"href":"https:\/\/www.dogportrait.at\/en\/wp-json\/wp\/v2\/comments?post=216"}],"version-history":[{"count":9,"href":"https:\/\/www.dogportrait.at\/en\/wp-json\/wp\/v2\/pages\/216\/revisions"}],"predecessor-version":[{"id":1194,"href":"https:\/\/www.dogportrait.at\/en\/wp-json\/wp\/v2\/pages\/216\/revisions\/1194"}],"wp:attachment":[{"href":"https:\/\/www.dogportrait.at\/en\/wp-json\/wp\/v2\/media?parent=216"}],"curies":[{"name":"wp","href":"https:\/\/api.w.org\/{rel}","templated":true}]}}