{"id":213,"date":"2022-02-05T16:19:49","date_gmt":"2022-02-05T16:19:49","guid":{"rendered":"https:\/\/www.dogportrait.at\/?page_id=213"},"modified":"2022-02-13T11:34:38","modified_gmt":"2022-02-13T11:34:38","slug":"impressum","status":"publish","type":"page","link":"https:\/\/www.dogportrait.at\/en\/impressum\/","title":{"rendered":"Impressum"},"content":{"rendered":"\n<div style=\"height:2px\" aria-hidden=\"true\" class=\"wp-block-spacer\"><\/div>\n\n\n\n<h5 class=\"wp-block-heading\" id=\"dogportrait-at\"><strong>DOGPORTRAIT.AT<\/strong><\/h5>\n\n\n\n<p class=\"has-small-font-size\">Marianne Musek<br>Linke Wienzeile 46\/6<br>1060 Wien, \u00d6sterreich<br><br>+43 699 1833 48 48<br>hello[at]dogportrait.at<\/p>\n\n\n\n<h5 class=\"wp-block-heading\" id=\"alternative-streitbeilegung\"><strong>Alternative Streitbeilegung<\/strong><\/h5>\n\n\n\n<p class=\"has-small-font-size\">Die Europ\u00e4ische Kommission stellt eine Plattform f\u00fcr die au\u00dfergerichtliche Online-Streitbeilegung (<a href=\"https:\/\/ec.europa.eu\/odr.\" target=\"_blank\" rel=\"noreferrer noopener\">OS-Plattform<\/a>) bereit.<\/p>\n\n\n\n<p class=\"has-small-font-size\"><em>Der Nutzung von im Rahmen der Impressumspflicht ver\u00f6ffentlichten Kontaktdaten durch Dritte zur \u00dcbersendung von nicht ausdr\u00fccklich angeforderter Werbung und Informationsmaterialien wird hiermit ausdr\u00fccklich widersprochen. Der Betreiber der Seiten beh\u00e4lt sich ausdr\u00fccklich rechtliche Schritte im Falle der unverlangten Zusendung von Werbeinformationen vor, wie etwa durch Spam-Mails.<\/em><\/p>\n","protected":false},"excerpt":{"rendered":"<p>DOGPORTRAIT.AT Marianne MusekLinke Wienzeile 46\/61060 Wien, \u00d6sterreich +43 699 1833 48 48hello[at]dogportrait.at Alternative Streitbeilegung Die Europ\u00e4ische Kommission stellt eine Plattform f\u00fcr die au\u00dfergerichtliche Online-Streitbeilegung (OS-Plattform) bereit. Der Nutzung von im Rahmen der Impressumspflicht ver\u00f6ffentlichten Kontaktdaten durch Dritte zur \u00dcbersendung von nicht ausdr\u00fccklich angeforderter Werbung und Informationsmaterialien wird hiermit ausdr\u00fccklich widersprochen. Der Betreiber der Seiten beh\u00e4lt [&hellip;]<\/p>\n","protected":false},"author":2,"featured_media":0,"parent":0,"menu_order":0,"comment_status":"closed","ping_status":"closed","template":"","meta":{"footnotes":""},"class_list":["post-213","page","type-page","status-publish","hentry"],"translation":{"provider":"WPGlobus","version":"3.0.2","language":"en","enabled_languages":["de","en"],"languages":{"de":{"title":true,"content":true,"excerpt":false},"en":{"title":false,"content":false,"excerpt":false}}},"yoast_head":"<!-- This site is optimized with the Yoast SEO plugin v27.4 - https:\/\/yoast.com\/product\/yoast-seo-wordpress\/ -->\n<title>Impressum - DOGPORTRAIT.AT<\/title>\n<meta name=\"robots\" content=\"index, follow, max-snippet:-1, max-image-preview:large, max-video-preview:-1\" \/>\n<link rel=\"canonical\" href=\"https:\/\/www.dogportrait.at\/impressum\/\" \/>\n<meta property=\"og:locale\" content=\"en_US\" \/>\n<meta property=\"og:type\" content=\"article\" \/>\n<meta property=\"og:title\" content=\"Impressum - DOGPORTRAIT.AT\" \/>\n<meta property=\"og:url\" content=\"https:\/\/www.dogportrait.at\/impressum\/\" \/>\n<meta property=\"og:site_name\" content=\"DOGPORTRAIT.AT\" \/>\n<meta property=\"article:modified_time\" content=\"2022-02-13T11:34:38+00:00\" \/>\n<meta property=\"og:image\" content=\"https:\/\/www.dogportrait.at\/wp-content\/uploads\/2022\/02\/Bildschirmfoto-2022-02-05-um-14.18.25-1024x624.png\" \/>\n\t<meta property=\"og:image:width\" content=\"1024\" \/>\n\t<meta property=\"og:image:height\" content=\"624\" \/>\n\t<meta property=\"og:image:type\" content=\"image\/png\" \/>\n<meta name=\"twitter:card\" content=\"summary_large_image\" \/>\n<meta name=\"twitter:label1\" content=\"Est. reading time\" \/>\n\t<meta name=\"twitter:data1\" content=\"1 minute\" \/>\n<script type=\"application\/ld+json\" class=\"yoast-schema-graph\">{\"@context\":\"https:\\\/\\\/schema.org\",\"@graph\":[{\"@type\":\"WebPage\",\"@id\":\"https:\\\/\\\/www.dogportrait.at\\\/impressum\\\/\",\"url\":\"https:\\\/\\\/www.dogportrait.at\\\/impressum\\\/\",\"name\":\"Impressum - DOGPORTRAIT.AT\",\"isPartOf\":{\"@id\":\"https:\\\/\\\/www.dogportrait.at\\\/#website\"},\"datePublished\":\"2022-02-05T16:19:49+00:00\",\"dateModified\":\"2022-02-13T11:34:38+00:00\",\"breadcrumb\":{\"@id\":\"https:\\\/\\\/www.dogportrait.at\\\/impressum\\\/#breadcrumb\"},\"inLanguage\":\"en-US\",\"potentialAction\":[{\"@type\":\"ReadAction\",\"target\":[\"https:\\\/\\\/www.dogportrait.at\\\/impressum\\\/\"]}]},{\"@type\":\"BreadcrumbList\",\"@id\":\"https:\\\/\\\/www.dogportrait.at\\\/impressum\\\/#breadcrumb\",\"itemListElement\":[{\"@type\":\"ListItem\",\"position\":1,\"name\":\"Startseite\",\"item\":\"https:\\\/\\\/www.dogportrait.at\\\/\"},{\"@type\":\"ListItem\",\"position\":2,\"name\":\"Impressum\"}]},{\"@type\":\"WebSite\",\"@id\":\"https:\\\/\\\/www.dogportrait.at\\\/#website\",\"url\":\"https:\\\/\\\/www.dogportrait.at\\\/\",\"name\":\"DOGPORTRAIT.AT\",\"description\":\"by Marianne Musek\",\"publisher\":{\"@id\":\"https:\\\/\\\/www.dogportrait.at\\\/#organization\"},\"potentialAction\":[{\"@type\":\"SearchAction\",\"target\":{\"@type\":\"EntryPoint\",\"urlTemplate\":\"https:\\\/\\\/www.dogportrait.at\\\/?s={search_term_string}\"},\"query-input\":{\"@type\":\"PropertyValueSpecification\",\"valueRequired\":true,\"valueName\":\"search_term_string\"}}],\"inLanguage\":\"en-US\"},{\"@type\":\"Organization\",\"@id\":\"https:\\\/\\\/www.dogportrait.at\\\/#organization\",\"name\":\"DOGPORTRAIT.AT\",\"url\":\"https:\\\/\\\/www.dogportrait.at\\\/\",\"logo\":{\"@type\":\"ImageObject\",\"inLanguage\":\"en-US\",\"@id\":\"https:\\\/\\\/www.dogportrait.at\\\/#\\\/schema\\\/logo\\\/image\\\/\",\"url\":\"\",\"contentUrl\":\"\",\"caption\":\"DOGPORTRAIT.AT\"},\"image\":{\"@id\":\"https:\\\/\\\/www.dogportrait.at\\\/#\\\/schema\\\/logo\\\/image\\\/\"},\"sameAs\":[\"https:\\\/\\\/www.instagram.com\\\/dogportrait.at\\\/\"]}]}<\/script>\n<!-- \/ Yoast SEO plugin. -->","yoast_head_json":{"title":"Impressum - DOGPORTRAIT.AT","robots":{"index":"index","follow":"follow","max-snippet":"max-snippet:-1","max-image-preview":"max-image-preview:large","max-video-preview":"max-video-preview:-1"},"canonical":"https:\/\/www.dogportrait.at\/impressum\/","og_locale":"en_US","og_type":"article","og_title":"Impressum - DOGPORTRAIT.AT","og_url":"https:\/\/www.dogportrait.at\/impressum\/","og_site_name":"DOGPORTRAIT.AT","article_modified_time":"2022-02-13T11:34:38+00:00","og_image":[{"width":1024,"height":624,"url":"https:\/\/www.dogportrait.at\/wp-content\/uploads\/2022\/02\/Bildschirmfoto-2022-02-05-um-14.18.25-1024x624.png","type":"image\/png"}],"twitter_card":"summary_large_image","twitter_misc":{"Est. reading time":"1 minute"},"schema":{"@context":"https:\/\/schema.org","@graph":[{"@type":"WebPage","@id":"https:\/\/www.dogportrait.at\/impressum\/","url":"https:\/\/www.dogportrait.at\/impressum\/","name":"Impressum - DOGPORTRAIT.AT","isPartOf":{"@id":"https:\/\/www.dogportrait.at\/#website"},"datePublished":"2022-02-05T16:19:49+00:00","dateModified":"2022-02-13T11:34:38+00:00","breadcrumb":{"@id":"https:\/\/www.dogportrait.at\/impressum\/#breadcrumb"},"inLanguage":"en-US","potentialAction":[{"@type":"ReadAction","target":["https:\/\/www.dogportrait.at\/impressum\/"]}]},{"@type":"BreadcrumbList","@id":"https:\/\/www.dogportrait.at\/impressum\/#breadcrumb","itemListElement":[{"@type":"ListItem","position":1,"name":"Startseite","item":"https:\/\/www.dogportrait.at\/"},{"@type":"ListItem","position":2,"name":"Impressum"}]},{"@type":"WebSite","@id":"https:\/\/www.dogportrait.at\/#website","url":"https:\/\/www.dogportrait.at\/","name":"DOGPORTRAIT.AT","description":"by Marianne Musek","publisher":{"@id":"https:\/\/www.dogportrait.at\/#organization"},"potentialAction":[{"@type":"SearchAction","target":{"@type":"EntryPoint","urlTemplate":"https:\/\/www.dogportrait.at\/?s={search_term_string}"},"query-input":{"@type":"PropertyValueSpecification","valueRequired":true,"valueName":"search_term_string"}}],"inLanguage":"en-US"},{"@type":"Organization","@id":"https:\/\/www.dogportrait.at\/#organization","name":"DOGPORTRAIT.AT","url":"https:\/\/www.dogportrait.at\/","logo":{"@type":"ImageObject","inLanguage":"en-US","@id":"https:\/\/www.dogportrait.at\/#\/schema\/logo\/image\/","url":"","contentUrl":"","caption":"DOGPORTRAIT.AT"},"image":{"@id":"https:\/\/www.dogportrait.at\/#\/schema\/logo\/image\/"},"sameAs":["https:\/\/www.instagram.com\/dogportrait.at\/"]}]}},"_links":{"self":[{"href":"https:\/\/www.dogportrait.at\/en\/wp-json\/wp\/v2\/pages\/213","targetHints":{"allow":["GET"]}}],"collection":[{"href":"https:\/\/www.dogportrait.at\/en\/wp-json\/wp\/v2\/pages"}],"about":[{"href":"https:\/\/www.dogportrait.at\/en\/wp-json\/wp\/v2\/types\/page"}],"author":[{"embeddable":true,"href":"https:\/\/www.dogportrait.at\/en\/wp-json\/wp\/v2\/users\/2"}],"replies":[{"embeddable":true,"href":"https:\/\/www.dogportrait.at\/en\/wp-json\/wp\/v2\/comments?post=213"}],"version-history":[{"count":17,"href":"https:\/\/www.dogportrait.at\/en\/wp-json\/wp\/v2\/pages\/213\/revisions"}],"predecessor-version":[{"id":1213,"href":"https:\/\/www.dogportrait.at\/en\/wp-json\/wp\/v2\/pages\/213\/revisions\/1213"}],"wp:attachment":[{"href":"https:\/\/www.dogportrait.at\/en\/wp-json\/wp\/v2\/media?parent=213"}],"curies":[{"name":"wp","href":"https:\/\/api.w.org\/{rel}","templated":true}]}}